{"id":170,"date":"2015-05-08T05:00:41","date_gmt":"2015-05-08T05:00:41","guid":{"rendered":"http:\/\/eyawok.com\/coyote\/?page_id=142"},"modified":"2020-08-05T15:50:29","modified_gmt":"2020-08-05T21:50:29","slug":"inicio","status":"publish","type":"page","link":"http:\/\/www.armoniasybocetos.com\/sitio\/","title":{"rendered":"inicio"},"content":{"rendered":"<p>[et_pb_section fb_built=&#8221;1&#8243; admin_label=&#8221;section&#8221; _builder_version=&#8221;3.22&#8243; background_color=&#8221;#3a3a3a&#8221; transparent_background=&#8221;off&#8221;][et_pb_row admin_label=&#8221;row&#8221; _builder_version=&#8221;3.25&#8243; background_size=&#8221;initial&#8221; background_position=&#8221;top_left&#8221; background_repeat=&#8221;repeat&#8221;][et_pb_column type=&#8221;4_4&#8243; _builder_version=&#8221;3.25&#8243; custom_padding=&#8221;|||&#8221; custom_padding__hover=&#8221;|||&#8221;][et_pb_text admin_label=&#8221;sobre ayb&#8221; _builder_version=&#8221;3.27.4&#8243; background_size=&#8221;initial&#8221; background_position=&#8221;top_left&#8221; background_repeat=&#8221;repeat&#8221; text_orientation=&#8221;justified&#8221; background_layout=&#8221;dark&#8221; use_border_color=&#8221;off&#8221; border_color=&#8221;#ffffff&#8221; border_style=&#8221;solid&#8221;]<\/p>\n<h1 id=\"nosotros\">armon\u00edas &amp; bocetos<\/h1>\n<p>Basada en la idea de hacer del proceso de aprendizaje una experiencia enriquecedora para los estudiantes. armoni\u0301as &amp; bocetos se propone crear un entorno agradable y dina\u0301mico que permita a los y las estudiantes de todas las edades, desarrollar plenamente sus habilidades fi\u0301sicas, mentales y sociales, de acuerdo a los requerimientos de su edad, a partir de una atencio\u0301n individualizada y la interaccio\u0301n constante con los elementos del entorno natural y social. El uso de metodologi\u0301as lu\u0301dicas y sensoriales, promueven el desarrollo de la creatividad, al mismo tiempo que favorecen la independencia, confianza y participacio\u0301n de las personas en diversos a\u0301mbitos de la vida social. Todo ello, orientado a la construccio\u0301n de aprendizajes significativos por medio de una propuesta complementaria a la oferta educativa formal, que promueve el desarrollo de habilidades sociales y personales. En armoni\u0301as &amp; bocetos consideramos indispensable potenciar los talentos personales de cada uno de los estudiantes, para promover la construccio\u0301n individual y colectiva de conocimientos a partir de la experiencia directa, asi\u0301 como el uso del arte como medio de expresio\u0301n y herramienta de desarrollo. Nuestra propuesta de educacio\u0301n abarca cualquier edad. Nos interesa fomentar el crecimiento y virtudes de los ma\u0301s pequen\u0303os, explotar el potencial de los adolescentes, calibrar las necesidades actuales de los adultos y conectar a adultos mayores en los medios actuales.<\/p>\n<p>armon\u00edas &amp;\u00a0bocetos, una divisi\u00f3n de La Danta y el Coyote PK LTDA<br \/>\n[\/et_pb_text][\/et_pb_column][\/et_pb_row][\/et_pb_section][et_pb_section fb_built=&#8221;1&#8243; custom_padding_last_edited=&#8221;on|desktop&#8221; admin_label=&#8221;section&#8221; _builder_version=&#8221;3.22&#8243; background_color=&#8221;#fcfcfc&#8221; custom_padding_tablet=&#8221;50px|0|50px|0&#8243; transparent_background=&#8221;off&#8221; padding_mobile=&#8221;off&#8221; make_fullwidth=&#8221;off&#8221; use_custom_width=&#8221;off&#8221; width_unit=&#8221;on&#8221;][et_pb_row admin_label=&#8221;row&#8221; _builder_version=&#8221;3.25&#8243; background_size=&#8221;initial&#8221; background_position=&#8221;top_left&#8221; background_repeat=&#8221;repeat&#8221;][et_pb_column type=&#8221;4_4&#8243; _builder_version=&#8221;3.25&#8243; custom_padding=&#8221;|||&#8221; custom_padding__hover=&#8221;|||&#8221;][et_pb_text admin_label=&#8221;servicios&#8221; _builder_version=&#8221;3.27.4&#8243; background_size=&#8221;initial&#8221; background_position=&#8221;top_left&#8221; background_repeat=&#8221;repeat&#8221; use_border_color=&#8221;off&#8221; border_color=&#8221;#ffffff&#8221; border_style=&#8221;solid&#8221;]<\/p>\n<h1 id=\"nosotros\">Servicios<\/h1>\n<ul>\n<li>Disen\u0303o de metodologi\u0301as alternativas.<\/li>\n<li>Talleres socioformativos.<\/li>\n<li>Disen\u0303o de material educativo.<\/li>\n<li>Tutori\u0301as para primaria y secundaria.<\/li>\n<li>Talleres introductorios al uso de herramientas digitales. (Word- press, blogger, Google Apps, entre otros)<\/li>\n<li>Talleres uso de aplicaciones (word, excel, entre otros).<\/li>\n<li>Talleres de arte y disen\u0303o.<\/li>\n<li>Capacitaciones para adultos.<\/li>\n<li>Talleres exploratorios para adultos mayores.<\/li>\n<li>Arte para cada grupo de edad<\/li>\n<\/ul>\n<p>[\/et_pb_text][\/et_pb_column][\/et_pb_row][\/et_pb_section][et_pb_section fb_built=&#8221;1&#8243; admin_label=&#8221;section&#8221; _builder_version=&#8221;3.22&#8243; background_color=&#8221;#3a3a3a&#8221; transparent_background=&#8221;off&#8221;][et_pb_row admin_label=&#8221;row&#8221; _builder_version=&#8221;3.25&#8243; background_size=&#8221;initial&#8221; background_position=&#8221;top_left&#8221; background_repeat=&#8221;repeat&#8221;][et_pb_column type=&#8221;4_4&#8243; _builder_version=&#8221;3.25&#8243; custom_padding=&#8221;|||&#8221; custom_padding__hover=&#8221;|||&#8221;][et_pb_text admin_label=&#8221;sobre danta y Coyote&#8221; _builder_version=&#8221;3.27.4&#8243; background_size=&#8221;initial&#8221; background_position=&#8221;top_left&#8221; background_repeat=&#8221;repeat&#8221; text_orientation=&#8221;center&#8221; background_layout=&#8221;dark&#8221; module_alignment=&#8221;center&#8221; use_border_color=&#8221;off&#8221; border_color=&#8221;#ffffff&#8221; border_style=&#8221;solid&#8221;]<\/p>\n<h1 id=\"nosotros\">La Danta y el Coyote<\/h1>\n<p>Somos una empresa que articula la educaci\u00f3n, el arte y la tecnolog\u00eda, dentro de una propuesta innovadora que procura promover la construcci\u00f3n colectiva de aprendizajes significativos, mediante la experimentaci\u00f3n y la experiencia directa con el entorno social y los recursos disponibles.<br \/>\nDesarrollamos propuestas personalizadas de alta calidad, que responden directamente a los intereses y necesidades de quienes las utilizan, por medio del uso de los recursos tecnol\u00f3gicos, el arte y procesos socioformativos alternativos.<\/p>\n<h1 id=\"divisiones\"><\/h1>\n<p>[\/et_pb_text][\/et_pb_column][\/et_pb_row][\/et_pb_section][et_pb_section fb_built=&#8221;1&#8243; admin_label=&#8221;section&#8221; _builder_version=&#8221;3.22&#8243; background_color=&#8221;#fcfcfc&#8221; hover_enabled=&#8221;0&#8243; transparent_background=&#8221;off&#8221;][et_pb_row _builder_version=&#8221;4.5.3&#8243; _module_preset=&#8221;default&#8221; hover_enabled=&#8221;0&#8243;][et_pb_column _builder_version=&#8221;4.5.3&#8243; _module_preset=&#8221;default&#8221; type=&#8221;4_4&#8243;][et_pb_cta _builder_version=&#8221;4.5.3&#8243; _module_preset=&#8221;default&#8221; title=&#8221;\u00bfDesea m\u00e1s informaci\u00f3n?&#8221; button_text=&#8221;Contactenos&#8221; button_url=&#8221;http:\/\/www.miparamo.com\/?utm_source=ayb&#038;utm_medium=btn&#038;utm_campaign=ladc15&#8243; hover_enabled=&#8221;0&#8243; background_color=&#8221;rgba(0,0,0,0)&#8221; background_layout=&#8221;light&#8221;]VichiteX es la divisi\u00f3n de La Danta y el Coyote Ltda. dedicada al arte y dise\u00f1o.<\/p>\n<p>&nbsp;<br \/>\n[\/et_pb_cta][\/et_pb_column][\/et_pb_row][\/et_pb_section]<\/p>","protected":false},"excerpt":{"rendered":"<p>armon\u00edas &amp; bocetos Basada en la idea de hacer del proceso de aprendizaje una experiencia enriquecedora para los estudiantes. armoni\u0301as &amp; bocetos se propone crear un entorno agradable y dina\u0301mico que permita a los y las estudiantes de todas las edades, desarrollar plenamente sus habilidades fi\u0301sicas, mentales y sociales, de acuerdo a los requerimientos de [&hellip;]<\/p>\n","protected":false},"author":1,"featured_media":0,"parent":0,"menu_order":0,"comment_status":"open","ping_status":"open","template":"","meta":{"_et_pb_use_builder":"on","_et_pb_old_content":"[et_pb_section][et_pb_row][et_pb_column type=\"1_2\"][\/et_pb_column][et_pb_column type=\"1_2\"][\/et_pb_column][\/et_pb_row][et_pb_row][\/et_pb_row][\/et_pb_section]","_et_gb_content_width":"","footnotes":""},"class_list":["post-170","page","type-page","status-publish","hentry"],"aioseo_notices":[],"_links":{"self":[{"href":"http:\/\/www.armoniasybocetos.com\/sitio\/wp-json\/wp\/v2\/pages\/170","targetHints":{"allow":["GET"]}}],"collection":[{"href":"http:\/\/www.armoniasybocetos.com\/sitio\/wp-json\/wp\/v2\/pages"}],"about":[{"href":"http:\/\/www.armoniasybocetos.com\/sitio\/wp-json\/wp\/v2\/types\/page"}],"author":[{"embeddable":true,"href":"http:\/\/www.armoniasybocetos.com\/sitio\/wp-json\/wp\/v2\/users\/1"}],"replies":[{"embeddable":true,"href":"http:\/\/www.armoniasybocetos.com\/sitio\/wp-json\/wp\/v2\/comments?post=170"}],"version-history":[{"count":2,"href":"http:\/\/www.armoniasybocetos.com\/sitio\/wp-json\/wp\/v2\/pages\/170\/revisions"}],"predecessor-version":[{"id":180,"href":"http:\/\/www.armoniasybocetos.com\/sitio\/wp-json\/wp\/v2\/pages\/170\/revisions\/180"}],"wp:attachment":[{"href":"http:\/\/www.armoniasybocetos.com\/sitio\/wp-json\/wp\/v2\/media?parent=170"}],"curies":[{"name":"wp","href":"https:\/\/api.w.org\/{rel}","templated":true}]}}